{"id":841,"date":"2022-11-30T17:23:53","date_gmt":"2022-11-30T16:23:53","guid":{"rendered":"https:\/\/wp.parroquiavalle.archimadrid.es\/?page_id=841"},"modified":"2022-12-07T13:50:34","modified_gmt":"2022-12-07T12:50:34","slug":"despacho-parroquial","status":"publish","type":"page","link":"https:\/\/wp.parroquiavalle.archimadrid.es\/index.php\/despacho-parroquial\/","title":{"rendered":"despacho-parroquial"},"content":{"rendered":"\t\t<div data-elementor-type=\"wp-page\" data-elementor-id=\"841\" class=\"elementor elementor-841\">\n\t\t\t\t\t\t\t\t\t<section class=\"elementor-section elementor-top-section elementor-element elementor-element-b75bef8 elementor-hidden-mobile elementor-section-boxed elementor-section-height-default elementor-section-height-default wpr-particle-no wpr-jarallax-no wpr-parallax-no wpr-sticky-section-no\" data-id=\"b75bef8\" data-element_type=\"section\" data-settings=\"{&quot;background_background&quot;:&quot;classic&quot;}\">\n\t\t\t\t\t\t<div class=\"elementor-container elementor-column-gap-default\">\n\t\t\t\t\t<div class=\"elementor-column elementor-col-100 elementor-top-column elementor-element elementor-element-3e00053\" data-id=\"3e00053\" data-element_type=\"column\">\n\t\t\t<div class=\"elementor-widget-wrap elementor-element-populated\">\n\t\t\t\t\t\t\t\t<div class=\"elementor-element elementor-element-7a587ab elementor-widget elementor-widget-heading\" data-id=\"7a587ab\" data-element_type=\"widget\" data-widget_type=\"heading.default\">\n\t\t\t\t<div class=\"elementor-widget-container\">\n\t\t\t<style>\/*! elementor - v3.9.0 - 06-12-2022 *\/\n.elementor-heading-title{padding:0;margin:0;line-height:1}.elementor-widget-heading .elementor-heading-title[class*=elementor-size-]>a{color:inherit;font-size:inherit;line-height:inherit}.elementor-widget-heading .elementor-heading-title.elementor-size-small{font-size:15px}.elementor-widget-heading .elementor-heading-title.elementor-size-medium{font-size:19px}.elementor-widget-heading .elementor-heading-title.elementor-size-large{font-size:29px}.elementor-widget-heading .elementor-heading-title.elementor-size-xl{font-size:39px}.elementor-widget-heading .elementor-heading-title.elementor-size-xxl{font-size:59px}<\/style><h2 class=\"elementor-heading-title elementor-size-default\">DESPACHO PARROQUIAL<\/h2>\t\t<\/div>\n\t\t\t\t<\/div>\n\t\t\t\t\t<\/div>\n\t\t<\/div>\n\t\t\t\t\t\t\t<\/div>\n\t\t<\/section>\n\t\t\t\t<section class=\"elementor-section elementor-top-section elementor-element elementor-element-d9a2049 elementor-section-boxed elementor-section-height-default elementor-section-height-default wpr-particle-no wpr-jarallax-no wpr-parallax-no wpr-sticky-section-no\" data-id=\"d9a2049\" data-element_type=\"section\" data-settings=\"{&quot;background_background&quot;:&quot;classic&quot;}\">\n\t\t\t\t\t\t<div class=\"elementor-container elementor-column-gap-default\">\n\t\t\t\t\t<div class=\"elementor-column elementor-col-50 elementor-top-column elementor-element elementor-element-4a245ec\" data-id=\"4a245ec\" data-element_type=\"column\">\n\t\t\t<div class=\"elementor-widget-wrap elementor-element-populated\">\n\t\t\t\t\t\t\t\t<div class=\"elementor-element elementor-element-3ff2ea5 elementor-widget elementor-widget-text-editor\" data-id=\"3ff2ea5\" data-element_type=\"widget\" data-widget_type=\"text-editor.default\">\n\t\t\t\t<div class=\"elementor-widget-container\">\n\t\t\t<style>\/*! elementor - v3.9.0 - 06-12-2022 *\/\n.elementor-widget-text-editor.elementor-drop-cap-view-stacked .elementor-drop-cap{background-color:#818a91;color:#fff}.elementor-widget-text-editor.elementor-drop-cap-view-framed .elementor-drop-cap{color:#818a91;border:3px solid;background-color:transparent}.elementor-widget-text-editor:not(.elementor-drop-cap-view-default) .elementor-drop-cap{margin-top:8px}.elementor-widget-text-editor:not(.elementor-drop-cap-view-default) .elementor-drop-cap-letter{width:1em;height:1em}.elementor-widget-text-editor .elementor-drop-cap{float:left;text-align:center;line-height:1;font-size:50px}.elementor-widget-text-editor .elementor-drop-cap-letter{display:inline-block}<\/style>\t\t\t\t<p style=\"font-size: 1.5rem;\"><strong>MA\u00d1ANA:<\/strong><br>\nJueves, de 12.30 a 13.30 horas.<\/p>\n\n<p style=\"font-size: 1.5rem;\"><strong>TARDE:<\/strong><br>\nMartes y Viernes, de 19.30 a 21.00 horas.<\/p>\t\t\t\t\t\t<\/div>\n\t\t\t\t<\/div>\n\t\t\t\t<div class=\"elementor-element elementor-element-a469cb6 elementor-widget elementor-widget-text-editor\" data-id=\"a469cb6\" data-element_type=\"widget\" data-widget_type=\"text-editor.default\">\n\t\t\t\t<div class=\"elementor-widget-container\">\n\t\t\t\t\t\t\t<p style=\"font-size: 1.7rem;\">El DESPACHO PARROQUIAL es el espacio de la parroquia para la acogida, la gesti\u00f3n y la atenci\u00f3n individual.\n<strong>D. Antonio Garc\u00eda<\/strong>, nuestro p\u00e1rroco, y <strong>D. Rodrigo Gonz\u00e1lez<\/strong>, nuestro vicario parroquial, atienden los tr\u00e1mites y las consultas que necesites solucionar.<\/p>\t\t\t\t\t\t<\/div>\n\t\t\t\t<\/div>\n\t\t\t\t\t<\/div>\n\t\t<\/div>\n\t\t\t\t<div class=\"elementor-column elementor-col-50 elementor-top-column elementor-element elementor-element-15db4e2\" data-id=\"15db4e2\" data-element_type=\"column\">\n\t\t\t<div class=\"elementor-widget-wrap elementor-element-populated\">\n\t\t\t\t\t\t\t\t<div class=\"elementor-element elementor-element-644a591 e-transform elementor-widget elementor-widget-html\" data-id=\"644a591\" data-element_type=\"widget\" data-settings=\"{&quot;_transform_scaleX_effect&quot;:{&quot;unit&quot;:&quot;px&quot;,&quot;size&quot;:&quot;&quot;,&quot;sizes&quot;:[]},&quot;_transform_scaleX_effect_tablet&quot;:{&quot;unit&quot;:&quot;px&quot;,&quot;size&quot;:&quot;&quot;,&quot;sizes&quot;:[]},&quot;_transform_scaleX_effect_mobile&quot;:{&quot;unit&quot;:&quot;px&quot;,&quot;size&quot;:&quot;&quot;,&quot;sizes&quot;:[]},&quot;_transform_scaleY_effect&quot;:{&quot;unit&quot;:&quot;px&quot;,&quot;size&quot;:&quot;&quot;,&quot;sizes&quot;:[]},&quot;_transform_scaleY_effect_tablet&quot;:{&quot;unit&quot;:&quot;px&quot;,&quot;size&quot;:&quot;&quot;,&quot;sizes&quot;:[]},&quot;_transform_scaleY_effect_mobile&quot;:{&quot;unit&quot;:&quot;px&quot;,&quot;size&quot;:&quot;&quot;,&quot;sizes&quot;:[]}}\" data-widget_type=\"html.default\">\n\t\t\t\t<div class=\"elementor-widget-container\">\n\t\t\t\r\n<ul style=\"list-style-type: none; line-height: 1.7; margin-left: 0;font-size:1.35rem\">\r\n<li><a style=\"color: #ab0404;\">Calle de Valderribas, 72<\/a><\/li>\r\n<li><a style=\"color: #ab0404;\">28007 Madrid<\/a><\/li>\r\n<li><a style=\"color: #ab0404;\">parroquiavalle@telefonica.net<\/a><\/li>\r\n<li><a style=\"color: #ab0404;\">Tel\u00e9fono: 915 517 986<\/a><\/li>\r\n\r\n<\/ul>\r\n\t\t<\/div>\n\t\t\t\t<\/div>\n\t\t\t\t<div class=\"elementor-element elementor-element-e55afda elementor-widget elementor-widget-google_maps\" data-id=\"e55afda\" data-element_type=\"widget\" data-widget_type=\"google_maps.default\">\n\t\t\t\t<div class=\"elementor-widget-container\">\n\t\t\t<style>\/*! elementor - v3.9.0 - 06-12-2022 *\/\n.elementor-widget-google_maps .elementor-widget-container{overflow:hidden}.elementor-widget-google_maps iframe{height:300px}<\/style>\t\t<div class=\"elementor-custom-embed\">\n\t\t\t<iframe frameborder=\"0\" scrolling=\"no\" marginheight=\"0\" marginwidth=\"0\"\n\t\t\t\t\tsrc=\"https:\/\/maps.google.com\/maps?q=Parroquia%20Nuestra%20se%C3%B1ora%20del%20Valle%2C%20Madrid&#038;t=m&#038;z=16&#038;output=embed&#038;iwloc=near\"\n\t\t\t\t\ttitle=\"Parroquia Nuestra se\u00f1ora del Valle, Madrid\"\n\t\t\t\t\taria-label=\"Parroquia Nuestra se\u00f1ora del Valle, Madrid\"\n\t\t\t><\/iframe>\n\t\t<\/div>\n\t\t\t\t<\/div>\n\t\t\t\t<\/div>\n\t\t\t\t\t<\/div>\n\t\t<\/div>\n\t\t\t\t\t\t\t<\/div>\n\t\t<\/section>\n\t\t\t\t\t\t\t<\/div>\n\t\t","protected":false},"excerpt":{"rendered":"<p>DESPACHO PARROQUIAL MA\u00d1ANA: Jueves, de 12.30 a 13.30 horas. TARDE: Martes y Viernes, de 19.30 a 21.00 horas. El DESPACHO PARROQUIAL es el espacio de la parroquia para la acogida, la gesti\u00f3n y la atenci\u00f3n individual. D. Antonio Garc\u00eda, nuestro p\u00e1rroco, y D. Rodrigo Gonz\u00e1lez, nuestro vicario parroquial, atienden los tr\u00e1mites y las consultas que [&hellip;]<\/p>\n","protected":false},"author":2,"featured_media":0,"parent":0,"menu_order":0,"comment_status":"closed","ping_status":"closed","template":"elementor_header_footer","meta":{"inline_featured_image":false,"footnotes":""},"class_list":["post-841","page","type-page","status-publish","hentry"],"yoast_head":"<!-- This site is optimized with the Yoast SEO plugin v19.11 - https:\/\/yoast.com\/wordpress\/plugins\/seo\/ -->\n<title>despacho-parroquial - Ntra. Se\u00f1ora del Valle<\/title>\n<meta name=\"robots\" content=\"noindex, follow, max-snippet:-1, max-image-preview:large, max-video-preview:-1\" \/>\n<meta property=\"og:locale\" content=\"es_ES\" \/>\n<meta property=\"og:type\" content=\"article\" \/>\n<meta property=\"og:title\" content=\"despacho-parroquial - Ntra. Se\u00f1ora del Valle\" \/>\n<meta property=\"og:description\" content=\"DESPACHO PARROQUIAL MA\u00d1ANA: Jueves, de 12.30 a 13.30 horas. TARDE: Martes y Viernes, de 19.30 a 21.00 horas. El DESPACHO PARROQUIAL es el espacio de la parroquia para la acogida, la gesti\u00f3n y la atenci\u00f3n individual. D. Antonio Garc\u00eda, nuestro p\u00e1rroco, y D. Rodrigo Gonz\u00e1lez, nuestro vicario parroquial, atienden los tr\u00e1mites y las consultas que [&hellip;]\" \/>\n<meta property=\"og:url\" content=\"https:\/\/wp.parroquiavalle.archimadrid.es\/index.php\/despacho-parroquial\/\" \/>\n<meta property=\"og:site_name\" content=\"Ntra. Se\u00f1ora del Valle\" \/>\n<meta property=\"article:modified_time\" content=\"2022-12-07T12:50:34+00:00\" \/>\n<meta name=\"twitter:card\" content=\"summary_large_image\" \/>\n<meta name=\"twitter:label1\" content=\"Tiempo de lectura\" \/>\n\t<meta name=\"twitter:data1\" content=\"1 minuto\" \/>\n<script type=\"application\/ld+json\" class=\"yoast-schema-graph\">{\"@context\":\"https:\/\/schema.org\",\"@graph\":[{\"@type\":\"WebPage\",\"@id\":\"https:\/\/wp.parroquiavalle.archimadrid.es\/index.php\/despacho-parroquial\/\",\"url\":\"https:\/\/wp.parroquiavalle.archimadrid.es\/index.php\/despacho-parroquial\/\",\"name\":\"despacho-parroquial - Ntra. Se\u00f1ora del Valle\",\"isPartOf\":{\"@id\":\"https:\/\/wp.parroquiavalle.archimadrid.es\/#website\"},\"datePublished\":\"2022-11-30T16:23:53+00:00\",\"dateModified\":\"2022-12-07T12:50:34+00:00\",\"breadcrumb\":{\"@id\":\"https:\/\/wp.parroquiavalle.archimadrid.es\/index.php\/despacho-parroquial\/#breadcrumb\"},\"inLanguage\":\"es\",\"potentialAction\":[{\"@type\":\"ReadAction\",\"target\":[\"https:\/\/wp.parroquiavalle.archimadrid.es\/index.php\/despacho-parroquial\/\"]}]},{\"@type\":\"BreadcrumbList\",\"@id\":\"https:\/\/wp.parroquiavalle.archimadrid.es\/index.php\/despacho-parroquial\/#breadcrumb\",\"itemListElement\":[{\"@type\":\"ListItem\",\"position\":1,\"name\":\"Portada\",\"item\":\"https:\/\/wp.parroquiavalle.archimadrid.es\/\"},{\"@type\":\"ListItem\",\"position\":2,\"name\":\"despacho-parroquial\"}]},{\"@type\":\"WebSite\",\"@id\":\"https:\/\/wp.parroquiavalle.archimadrid.es\/#website\",\"url\":\"https:\/\/wp.parroquiavalle.archimadrid.es\/\",\"name\":\"Ntra. Se\u00f1ora del Valle\",\"description\":\"PARROQUIA\",\"publisher\":{\"@id\":\"https:\/\/wp.parroquiavalle.archimadrid.es\/#organization\"},\"potentialAction\":[{\"@type\":\"SearchAction\",\"target\":{\"@type\":\"EntryPoint\",\"urlTemplate\":\"https:\/\/wp.parroquiavalle.archimadrid.es\/?s={search_term_string}\"},\"query-input\":\"required name=search_term_string\"}],\"inLanguage\":\"es\"},{\"@type\":\"Organization\",\"@id\":\"https:\/\/wp.parroquiavalle.archimadrid.es\/#organization\",\"name\":\"Ntra. Se\u00f1ora del Valle\",\"url\":\"https:\/\/wp.parroquiavalle.archimadrid.es\/\",\"logo\":{\"@type\":\"ImageObject\",\"inLanguage\":\"es\",\"@id\":\"https:\/\/wp.parroquiavalle.archimadrid.es\/#\/schema\/logo\/image\/\",\"url\":\"https:\/\/wp.parroquiavalle.archimadrid.es\/wp-content\/uploads\/2022\/11\/logo-1.png\",\"contentUrl\":\"https:\/\/wp.parroquiavalle.archimadrid.es\/wp-content\/uploads\/2022\/11\/logo-1.png\",\"width\":90,\"height\":90,\"caption\":\"Ntra. Se\u00f1ora del Valle\"},\"image\":{\"@id\":\"https:\/\/wp.parroquiavalle.archimadrid.es\/#\/schema\/logo\/image\/\"}}]}<\/script>\n<!-- \/ Yoast SEO plugin. -->","yoast_head_json":{"title":"despacho-parroquial - Ntra. Se\u00f1ora del Valle","robots":{"index":"noindex","follow":"follow","max-snippet":"max-snippet:-1","max-image-preview":"max-image-preview:large","max-video-preview":"max-video-preview:-1"},"og_locale":"es_ES","og_type":"article","og_title":"despacho-parroquial - Ntra. Se\u00f1ora del Valle","og_description":"DESPACHO PARROQUIAL MA\u00d1ANA: Jueves, de 12.30 a 13.30 horas. TARDE: Martes y Viernes, de 19.30 a 21.00 horas. El DESPACHO PARROQUIAL es el espacio de la parroquia para la acogida, la gesti\u00f3n y la atenci\u00f3n individual. D. Antonio Garc\u00eda, nuestro p\u00e1rroco, y D. Rodrigo Gonz\u00e1lez, nuestro vicario parroquial, atienden los tr\u00e1mites y las consultas que [&hellip;]","og_url":"https:\/\/wp.parroquiavalle.archimadrid.es\/index.php\/despacho-parroquial\/","og_site_name":"Ntra. Se\u00f1ora del Valle","article_modified_time":"2022-12-07T12:50:34+00:00","twitter_card":"summary_large_image","twitter_misc":{"Tiempo de lectura":"1 minuto"},"schema":{"@context":"https:\/\/schema.org","@graph":[{"@type":"WebPage","@id":"https:\/\/wp.parroquiavalle.archimadrid.es\/index.php\/despacho-parroquial\/","url":"https:\/\/wp.parroquiavalle.archimadrid.es\/index.php\/despacho-parroquial\/","name":"despacho-parroquial - Ntra. Se\u00f1ora del Valle","isPartOf":{"@id":"https:\/\/wp.parroquiavalle.archimadrid.es\/#website"},"datePublished":"2022-11-30T16:23:53+00:00","dateModified":"2022-12-07T12:50:34+00:00","breadcrumb":{"@id":"https:\/\/wp.parroquiavalle.archimadrid.es\/index.php\/despacho-parroquial\/#breadcrumb"},"inLanguage":"es","potentialAction":[{"@type":"ReadAction","target":["https:\/\/wp.parroquiavalle.archimadrid.es\/index.php\/despacho-parroquial\/"]}]},{"@type":"BreadcrumbList","@id":"https:\/\/wp.parroquiavalle.archimadrid.es\/index.php\/despacho-parroquial\/#breadcrumb","itemListElement":[{"@type":"ListItem","position":1,"name":"Portada","item":"https:\/\/wp.parroquiavalle.archimadrid.es\/"},{"@type":"ListItem","position":2,"name":"despacho-parroquial"}]},{"@type":"WebSite","@id":"https:\/\/wp.parroquiavalle.archimadrid.es\/#website","url":"https:\/\/wp.parroquiavalle.archimadrid.es\/","name":"Ntra. Se\u00f1ora del Valle","description":"PARROQUIA","publisher":{"@id":"https:\/\/wp.parroquiavalle.archimadrid.es\/#organization"},"potentialAction":[{"@type":"SearchAction","target":{"@type":"EntryPoint","urlTemplate":"https:\/\/wp.parroquiavalle.archimadrid.es\/?s={search_term_string}"},"query-input":"required name=search_term_string"}],"inLanguage":"es"},{"@type":"Organization","@id":"https:\/\/wp.parroquiavalle.archimadrid.es\/#organization","name":"Ntra. Se\u00f1ora del Valle","url":"https:\/\/wp.parroquiavalle.archimadrid.es\/","logo":{"@type":"ImageObject","inLanguage":"es","@id":"https:\/\/wp.parroquiavalle.archimadrid.es\/#\/schema\/logo\/image\/","url":"https:\/\/wp.parroquiavalle.archimadrid.es\/wp-content\/uploads\/2022\/11\/logo-1.png","contentUrl":"https:\/\/wp.parroquiavalle.archimadrid.es\/wp-content\/uploads\/2022\/11\/logo-1.png","width":90,"height":90,"caption":"Ntra. Se\u00f1ora del Valle"},"image":{"@id":"https:\/\/wp.parroquiavalle.archimadrid.es\/#\/schema\/logo\/image\/"}}]}},"_links":{"self":[{"href":"https:\/\/wp.parroquiavalle.archimadrid.es\/index.php\/wp-json\/wp\/v2\/pages\/841","targetHints":{"allow":["GET"]}}],"collection":[{"href":"https:\/\/wp.parroquiavalle.archimadrid.es\/index.php\/wp-json\/wp\/v2\/pages"}],"about":[{"href":"https:\/\/wp.parroquiavalle.archimadrid.es\/index.php\/wp-json\/wp\/v2\/types\/page"}],"author":[{"embeddable":true,"href":"https:\/\/wp.parroquiavalle.archimadrid.es\/index.php\/wp-json\/wp\/v2\/users\/2"}],"replies":[{"embeddable":true,"href":"https:\/\/wp.parroquiavalle.archimadrid.es\/index.php\/wp-json\/wp\/v2\/comments?post=841"}],"version-history":[{"count":38,"href":"https:\/\/wp.parroquiavalle.archimadrid.es\/index.php\/wp-json\/wp\/v2\/pages\/841\/revisions"}],"predecessor-version":[{"id":1715,"href":"https:\/\/wp.parroquiavalle.archimadrid.es\/index.php\/wp-json\/wp\/v2\/pages\/841\/revisions\/1715"}],"wp:attachment":[{"href":"https:\/\/wp.parroquiavalle.archimadrid.es\/index.php\/wp-json\/wp\/v2\/media?parent=841"}],"curies":[{"name":"wp","href":"https:\/\/api.w.org\/{rel}","templated":true}]}}