{"id":1670,"date":"2022-12-06T16:20:01","date_gmt":"2022-12-06T15:20:01","guid":{"rendered":"https:\/\/wp.parroquiavalle.archimadrid.es\/?page_id=1670"},"modified":"2022-12-06T16:47:16","modified_gmt":"2022-12-06T15:47:16","slug":"actualidad-2","status":"publish","type":"page","link":"https:\/\/wp.parroquiavalle.archimadrid.es\/index.php\/actualidad-2\/","title":{"rendered":"actualidad"},"content":{"rendered":"\t\t<div data-elementor-type=\"wp-page\" data-elementor-id=\"1670\" class=\"elementor elementor-1670\">\n\t\t\t\t\t\t\t\t\t<section class=\"elementor-section elementor-top-section elementor-element elementor-element-ce1652a elementor-section-boxed elementor-section-height-default elementor-section-height-default wpr-particle-no wpr-jarallax-no wpr-parallax-no wpr-sticky-section-no\" data-id=\"ce1652a\" data-element_type=\"section\" data-settings=\"{&quot;background_background&quot;:&quot;classic&quot;}\">\n\t\t\t\t\t\t<div class=\"elementor-container elementor-column-gap-default\">\n\t\t\t\t\t<div class=\"elementor-column elementor-col-100 elementor-top-column elementor-element elementor-element-d98ba3e\" data-id=\"d98ba3e\" data-element_type=\"column\">\n\t\t\t<div class=\"elementor-widget-wrap elementor-element-populated\">\n\t\t\t\t\t\t\t\t<div class=\"elementor-element elementor-element-31cab30 wpr-grid-columns-3 wpr-grid-columns--tablet2 wpr-grid-columns--mobile1 wpr-grid-pagination-center elementor-widget elementor-widget-wpr-grid\" data-id=\"31cab30\" data-element_type=\"widget\" data-widget_type=\"wpr-grid.default\">\n\t\t\t\t<div class=\"elementor-widget-container\">\n\t\t\t<ul class=\"wpr-grid-filters elementor-clearfix wpr-grid-filters-sep-right\"><li class=\" wpr-pointer-none wpr-pointer-line-fx wpr-pointer-fx-none\"><span data-filter=\"*\" class=\"wpr-active-filter \">All Posts<\/span><em class=\"wpr-grid-filters-sep\"><\/em><\/li><li class=\" wpr-pointer-none wpr-pointer-line-fx wpr-pointer-fx-none\"><span  data-filter=\".category-festividades\">Festividades<\/span><em class=\"wpr-grid-filters-sep\"><\/em><\/li><li class=\" wpr-pointer-none wpr-pointer-line-fx wpr-pointer-fx-none\"><span  data-filter=\".category-visita-pastoral\">visita-pastoral<\/span><em class=\"wpr-grid-filters-sep\"><\/em><\/li><\/ul><section class=\"wpr-grid elementor-clearfix\" data-settings=\"{&quot;layout&quot;:&quot;fitRows&quot;,&quot;columns_desktop&quot;:3,&quot;gutter_hr&quot;:15,&quot;gutter_vr&quot;:15,&quot;animation&quot;:&quot;zoom&quot;,&quot;animation_duration&quot;:0.6,&quot;animation_delay&quot;:0.1,&quot;deeplinking&quot;:&quot;&quot;,&quot;filters_linkable&quot;:&quot;no&quot;,&quot;filters_default_filter&quot;:&quot;&quot;,&quot;filters_count&quot;:&quot;&quot;,&quot;filters_hide_empty&quot;:&quot;no&quot;,&quot;filters_animation&quot;:&quot;default&quot;,&quot;filters_animation_duration&quot;:0.3,&quot;filters_animation_delay&quot;:0.1,&quot;pagination_type&quot;:&quot;load-more&quot;,&quot;pagination_max_pages&quot;:1,&quot;lightbox&quot;:{&quot;selector&quot;:&quot;.wpr-grid-image-wrap&quot;,&quot;iframeMaxWidth&quot;:&quot;60%&quot;,&quot;hash&quot;:false,&quot;autoplay&quot;:&quot;true&quot;,&quot;pause&quot;:5000,&quot;progressBar&quot;:&quot;true&quot;,&quot;counter&quot;:&quot;true&quot;,&quot;controls&quot;:&quot;true&quot;,&quot;getCaptionFromTitleOrAlt&quot;:&quot;true&quot;,&quot;thumbnail&quot;:&quot;&quot;,&quot;showThumbByDefault&quot;:&quot;&quot;,&quot;share&quot;:&quot;&quot;,&quot;zoom&quot;:&quot;true&quot;,&quot;fullScreen&quot;:&quot;true&quot;,&quot;download&quot;:&quot;true&quot;}}\"><article class=\"wpr-grid-item elementor-clearfix post-1664 post type-post status-publish format-standard has-post-thumbnail hentry category-festividades\"><div class=\"wpr-grid-item-inner\"><div class=\"wpr-grid-media-wrap wpr-effect-size-medium \" data-overlay-link=\"yes\"><div class=\"wpr-grid-image-wrap\" data-src=\"https:\/\/wp.parroquiavalle.archimadrid.es\/wp-content\/uploads\/2022\/12\/INmaculadaConcepcion.jpg\"><img decoding=\"async\" src=\"https:\/\/wp.parroquiavalle.archimadrid.es\/wp-content\/uploads\/2022\/12\/INmaculadaConcepcion.jpg\" alt=\"Inmaculada Concepci\u00f3n de la Sant\u00edsima Virgen\" class=\"wpr-anim-timing-ease-default\"><\/div><div class=\"wpr-grid-media-hover wpr-animation-wrap\"><div class=\"wpr-grid-media-hover-bg  wpr-overlay-fade-in wpr-anim-size-large wpr-anim-timing-ease-default wpr-anim-transparency\" data-url=\"https:\/\/wp.parroquiavalle.archimadrid.es\/index.php\/2022\/12\/06\/inmaculada-concepcion-de-la-santisima-virgen\/\"><\/div><\/div><\/div><div class=\"wpr-grid-item-below-content elementor-clearfix\"><h2 class=\"wpr-grid-item-title elementor-repeater-item-fcccd74 wpr-grid-item-display-block wpr-grid-item-align-left wpr-pointer-none wpr-pointer-line-fx wpr-pointer-fx-fade\"><div class=\"inner-block\"><a  href=\"https:\/\/wp.parroquiavalle.archimadrid.es\/index.php\/2022\/12\/06\/inmaculada-concepcion-de-la-santisima-virgen\/\">Inmaculada Concepci\u00f3n de la Sant\u00edsima Virgen<\/a><\/div><\/h2><div class=\"wpr-grid-item-date elementor-repeater-item-5f7c652 wpr-grid-item-display-inline wpr-grid-item-align-left\"><div class=\"inner-block\"><span>diciembre 6, 2022<span class=\"wpr-grid-extra-text-right\">\/<\/span><\/span><\/div><\/div><div class=\"wpr-grid-item-excerpt elementor-repeater-item-dfd29ed wpr-grid-item-display-block wpr-grid-item-align-left\"><div class=\"inner-block\"><p>El 8 de diciembre de 1854,&nbsp;el Papa P\u00edo IX proclam\u00f3 este dogma: \u00ab&#8230;declaramos, proclamamos y definimos que la doctrina que&hellip;<\/p><\/div><\/div><div class=\"wpr-grid-item-read-more elementor-repeater-item-53abd0c wpr-grid-item-display-block wpr-grid-item-align-left\"><div class=\"inner-block\"><a href=\"https:\/\/wp.parroquiavalle.archimadrid.es\/index.php\/2022\/12\/06\/inmaculada-concepcion-de-la-santisima-virgen\/\" class=\"wpr-button-effect wpr-button-none\"><span>Leer m\u00e1s<\/span><\/a><\/div><\/div><\/div><\/div><\/article><article class=\"wpr-grid-item elementor-clearfix post-1661 post type-post status-publish format-standard has-post-thumbnail hentry category-visita-pastoral\"><div class=\"wpr-grid-item-inner\"><div class=\"wpr-grid-media-wrap wpr-effect-size-medium \" data-overlay-link=\"yes\"><div class=\"wpr-grid-image-wrap\" data-src=\"https:\/\/wp.parroquiavalle.archimadrid.es\/wp-content\/uploads\/2022\/11\/mons-martnez-camino.jpg\"><img decoding=\"async\" src=\"https:\/\/wp.parroquiavalle.archimadrid.es\/wp-content\/uploads\/2022\/11\/mons-martnez-camino.jpg\" alt=\"Visita Pastoral\" class=\"wpr-anim-timing-ease-default\"><\/div><div class=\"wpr-grid-media-hover wpr-animation-wrap\"><div class=\"wpr-grid-media-hover-bg  wpr-overlay-fade-in wpr-anim-size-large wpr-anim-timing-ease-default wpr-anim-transparency\" data-url=\"https:\/\/wp.parroquiavalle.archimadrid.es\/index.php\/2022\/12\/06\/visita-pastoral\/\"><\/div><\/div><\/div><div class=\"wpr-grid-item-below-content elementor-clearfix\"><h2 class=\"wpr-grid-item-title elementor-repeater-item-fcccd74 wpr-grid-item-display-block wpr-grid-item-align-left wpr-pointer-none wpr-pointer-line-fx wpr-pointer-fx-fade\"><div class=\"inner-block\"><a  href=\"https:\/\/wp.parroquiavalle.archimadrid.es\/index.php\/2022\/12\/06\/visita-pastoral\/\">Visita Pastoral<\/a><\/div><\/h2><div class=\"wpr-grid-item-date elementor-repeater-item-5f7c652 wpr-grid-item-display-inline wpr-grid-item-align-left\"><div class=\"inner-block\"><span>diciembre 6, 2022<span class=\"wpr-grid-extra-text-right\">\/<\/span><\/span><\/div><\/div><div class=\"wpr-grid-item-excerpt elementor-repeater-item-dfd29ed wpr-grid-item-display-block wpr-grid-item-align-left\"><div class=\"inner-block\"><p>Visita pastoral de monse\u00f1or Juan Antonio Mart\u00ednez Camino. Contin\u00faa la visita pastoral que monse\u00f1or Juan Antonio Mart\u00ednez Camino, SJ, obispo&hellip;<\/p><\/div><\/div><div class=\"wpr-grid-item-read-more elementor-repeater-item-53abd0c wpr-grid-item-display-block wpr-grid-item-align-left\"><div class=\"inner-block\"><a href=\"https:\/\/wp.parroquiavalle.archimadrid.es\/index.php\/2022\/12\/06\/visita-pastoral\/\" class=\"wpr-button-effect wpr-button-none\"><span>Leer m\u00e1s<\/span><\/a><\/div><\/div><\/div><\/div><\/article><\/section>\t\t<\/div>\n\t\t\t\t<\/div>\n\t\t\t\t\t<\/div>\n\t\t<\/div>\n\t\t\t\t\t\t\t<\/div>\n\t\t<\/section>\n\t\t\t\t\t\t\t<\/div>\n\t\t","protected":false},"excerpt":{"rendered":"<p>All Posts Festividades visita-pastoral Inmaculada Concepci\u00f3n de la Sant\u00edsima Virgen diciembre 6, 2022\/ El 8 de diciembre de 1854,&nbsp;el Papa P\u00edo IX proclam\u00f3 este dogma: \u201c\u2026declaramos, proclamamos y definimos que la doctrina que\u2026 Leer m\u00e1s Visita Pastoral diciembre 6, 2022\/ Visita pastoral de monse\u00f1or Juan Antonio Mart\u00ednez Camino. Contin\u00faa la visita pastoral que monse\u00f1or Juan [&hellip;]<\/p>\n","protected":false},"author":2,"featured_media":0,"parent":0,"menu_order":0,"comment_status":"closed","ping_status":"closed","template":"elementor_header_footer","meta":{"inline_featured_image":false,"footnotes":""},"class_list":["post-1670","page","type-page","status-publish","hentry"],"yoast_head":"<!-- This site is optimized with the Yoast SEO plugin v19.11 - https:\/\/yoast.com\/wordpress\/plugins\/seo\/ -->\n<title>actualidad - Ntra. Se\u00f1ora del Valle<\/title>\n<meta name=\"robots\" content=\"noindex, follow, max-snippet:-1, max-image-preview:large, max-video-preview:-1\" \/>\n<meta property=\"og:locale\" content=\"es_ES\" \/>\n<meta property=\"og:type\" content=\"article\" \/>\n<meta property=\"og:title\" content=\"actualidad - Ntra. Se\u00f1ora del Valle\" \/>\n<meta property=\"og:description\" content=\"All Posts Festividades visita-pastoral Inmaculada Concepci\u00f3n de la Sant\u00edsima Virgen diciembre 6, 2022\/ El 8 de diciembre de 1854,&nbsp;el Papa P\u00edo IX proclam\u00f3 este dogma: \u201c\u2026declaramos, proclamamos y definimos que la doctrina que\u2026 Leer m\u00e1s Visita Pastoral diciembre 6, 2022\/ Visita pastoral de monse\u00f1or Juan Antonio Mart\u00ednez Camino. Contin\u00faa la visita pastoral que monse\u00f1or Juan [&hellip;]\" \/>\n<meta property=\"og:url\" content=\"https:\/\/wp.parroquiavalle.archimadrid.es\/index.php\/actualidad-2\/\" \/>\n<meta property=\"og:site_name\" content=\"Ntra. Se\u00f1ora del Valle\" \/>\n<meta property=\"article:modified_time\" content=\"2022-12-06T15:47:16+00:00\" \/>\n<meta property=\"og:image\" content=\"https:\/\/wp.parroquiavalle.archimadrid.es\/wp-content\/uploads\/2022\/12\/INmaculadaConcepcion.jpg\" \/>\n<meta name=\"twitter:card\" content=\"summary_large_image\" \/>\n<meta name=\"twitter:label1\" content=\"Tiempo de lectura\" \/>\n\t<meta name=\"twitter:data1\" content=\"1 minuto\" \/>\n<script type=\"application\/ld+json\" class=\"yoast-schema-graph\">{\"@context\":\"https:\/\/schema.org\",\"@graph\":[{\"@type\":\"WebPage\",\"@id\":\"https:\/\/wp.parroquiavalle.archimadrid.es\/index.php\/actualidad-2\/\",\"url\":\"https:\/\/wp.parroquiavalle.archimadrid.es\/index.php\/actualidad-2\/\",\"name\":\"actualidad - Ntra. Se\u00f1ora del Valle\",\"isPartOf\":{\"@id\":\"https:\/\/wp.parroquiavalle.archimadrid.es\/#website\"},\"datePublished\":\"2022-12-06T15:20:01+00:00\",\"dateModified\":\"2022-12-06T15:47:16+00:00\",\"breadcrumb\":{\"@id\":\"https:\/\/wp.parroquiavalle.archimadrid.es\/index.php\/actualidad-2\/#breadcrumb\"},\"inLanguage\":\"es\",\"potentialAction\":[{\"@type\":\"ReadAction\",\"target\":[\"https:\/\/wp.parroquiavalle.archimadrid.es\/index.php\/actualidad-2\/\"]}]},{\"@type\":\"BreadcrumbList\",\"@id\":\"https:\/\/wp.parroquiavalle.archimadrid.es\/index.php\/actualidad-2\/#breadcrumb\",\"itemListElement\":[{\"@type\":\"ListItem\",\"position\":1,\"name\":\"Portada\",\"item\":\"https:\/\/wp.parroquiavalle.archimadrid.es\/\"},{\"@type\":\"ListItem\",\"position\":2,\"name\":\"actualidad\"}]},{\"@type\":\"WebSite\",\"@id\":\"https:\/\/wp.parroquiavalle.archimadrid.es\/#website\",\"url\":\"https:\/\/wp.parroquiavalle.archimadrid.es\/\",\"name\":\"Ntra. Se\u00f1ora del Valle\",\"description\":\"PARROQUIA\",\"publisher\":{\"@id\":\"https:\/\/wp.parroquiavalle.archimadrid.es\/#organization\"},\"potentialAction\":[{\"@type\":\"SearchAction\",\"target\":{\"@type\":\"EntryPoint\",\"urlTemplate\":\"https:\/\/wp.parroquiavalle.archimadrid.es\/?s={search_term_string}\"},\"query-input\":\"required name=search_term_string\"}],\"inLanguage\":\"es\"},{\"@type\":\"Organization\",\"@id\":\"https:\/\/wp.parroquiavalle.archimadrid.es\/#organization\",\"name\":\"Ntra. Se\u00f1ora del Valle\",\"url\":\"https:\/\/wp.parroquiavalle.archimadrid.es\/\",\"logo\":{\"@type\":\"ImageObject\",\"inLanguage\":\"es\",\"@id\":\"https:\/\/wp.parroquiavalle.archimadrid.es\/#\/schema\/logo\/image\/\",\"url\":\"https:\/\/wp.parroquiavalle.archimadrid.es\/wp-content\/uploads\/2022\/11\/logo-1.png\",\"contentUrl\":\"https:\/\/wp.parroquiavalle.archimadrid.es\/wp-content\/uploads\/2022\/11\/logo-1.png\",\"width\":90,\"height\":90,\"caption\":\"Ntra. Se\u00f1ora del Valle\"},\"image\":{\"@id\":\"https:\/\/wp.parroquiavalle.archimadrid.es\/#\/schema\/logo\/image\/\"}}]}<\/script>\n<!-- \/ Yoast SEO plugin. -->","yoast_head_json":{"title":"actualidad - Ntra. Se\u00f1ora del Valle","robots":{"index":"noindex","follow":"follow","max-snippet":"max-snippet:-1","max-image-preview":"max-image-preview:large","max-video-preview":"max-video-preview:-1"},"og_locale":"es_ES","og_type":"article","og_title":"actualidad - Ntra. Se\u00f1ora del Valle","og_description":"All Posts Festividades visita-pastoral Inmaculada Concepci\u00f3n de la Sant\u00edsima Virgen diciembre 6, 2022\/ El 8 de diciembre de 1854,&nbsp;el Papa P\u00edo IX proclam\u00f3 este dogma: \u201c\u2026declaramos, proclamamos y definimos que la doctrina que\u2026 Leer m\u00e1s Visita Pastoral diciembre 6, 2022\/ Visita pastoral de monse\u00f1or Juan Antonio Mart\u00ednez Camino. Contin\u00faa la visita pastoral que monse\u00f1or Juan [&hellip;]","og_url":"https:\/\/wp.parroquiavalle.archimadrid.es\/index.php\/actualidad-2\/","og_site_name":"Ntra. Se\u00f1ora del Valle","article_modified_time":"2022-12-06T15:47:16+00:00","og_image":[{"url":"https:\/\/wp.parroquiavalle.archimadrid.es\/wp-content\/uploads\/2022\/12\/INmaculadaConcepcion.jpg"}],"twitter_card":"summary_large_image","twitter_misc":{"Tiempo de lectura":"1 minuto"},"schema":{"@context":"https:\/\/schema.org","@graph":[{"@type":"WebPage","@id":"https:\/\/wp.parroquiavalle.archimadrid.es\/index.php\/actualidad-2\/","url":"https:\/\/wp.parroquiavalle.archimadrid.es\/index.php\/actualidad-2\/","name":"actualidad - Ntra. Se\u00f1ora del Valle","isPartOf":{"@id":"https:\/\/wp.parroquiavalle.archimadrid.es\/#website"},"datePublished":"2022-12-06T15:20:01+00:00","dateModified":"2022-12-06T15:47:16+00:00","breadcrumb":{"@id":"https:\/\/wp.parroquiavalle.archimadrid.es\/index.php\/actualidad-2\/#breadcrumb"},"inLanguage":"es","potentialAction":[{"@type":"ReadAction","target":["https:\/\/wp.parroquiavalle.archimadrid.es\/index.php\/actualidad-2\/"]}]},{"@type":"BreadcrumbList","@id":"https:\/\/wp.parroquiavalle.archimadrid.es\/index.php\/actualidad-2\/#breadcrumb","itemListElement":[{"@type":"ListItem","position":1,"name":"Portada","item":"https:\/\/wp.parroquiavalle.archimadrid.es\/"},{"@type":"ListItem","position":2,"name":"actualidad"}]},{"@type":"WebSite","@id":"https:\/\/wp.parroquiavalle.archimadrid.es\/#website","url":"https:\/\/wp.parroquiavalle.archimadrid.es\/","name":"Ntra. Se\u00f1ora del Valle","description":"PARROQUIA","publisher":{"@id":"https:\/\/wp.parroquiavalle.archimadrid.es\/#organization"},"potentialAction":[{"@type":"SearchAction","target":{"@type":"EntryPoint","urlTemplate":"https:\/\/wp.parroquiavalle.archimadrid.es\/?s={search_term_string}"},"query-input":"required name=search_term_string"}],"inLanguage":"es"},{"@type":"Organization","@id":"https:\/\/wp.parroquiavalle.archimadrid.es\/#organization","name":"Ntra. Se\u00f1ora del Valle","url":"https:\/\/wp.parroquiavalle.archimadrid.es\/","logo":{"@type":"ImageObject","inLanguage":"es","@id":"https:\/\/wp.parroquiavalle.archimadrid.es\/#\/schema\/logo\/image\/","url":"https:\/\/wp.parroquiavalle.archimadrid.es\/wp-content\/uploads\/2022\/11\/logo-1.png","contentUrl":"https:\/\/wp.parroquiavalle.archimadrid.es\/wp-content\/uploads\/2022\/11\/logo-1.png","width":90,"height":90,"caption":"Ntra. Se\u00f1ora del Valle"},"image":{"@id":"https:\/\/wp.parroquiavalle.archimadrid.es\/#\/schema\/logo\/image\/"}}]}},"_links":{"self":[{"href":"https:\/\/wp.parroquiavalle.archimadrid.es\/index.php\/wp-json\/wp\/v2\/pages\/1670","targetHints":{"allow":["GET"]}}],"collection":[{"href":"https:\/\/wp.parroquiavalle.archimadrid.es\/index.php\/wp-json\/wp\/v2\/pages"}],"about":[{"href":"https:\/\/wp.parroquiavalle.archimadrid.es\/index.php\/wp-json\/wp\/v2\/types\/page"}],"author":[{"embeddable":true,"href":"https:\/\/wp.parroquiavalle.archimadrid.es\/index.php\/wp-json\/wp\/v2\/users\/2"}],"replies":[{"embeddable":true,"href":"https:\/\/wp.parroquiavalle.archimadrid.es\/index.php\/wp-json\/wp\/v2\/comments?post=1670"}],"version-history":[{"count":11,"href":"https:\/\/wp.parroquiavalle.archimadrid.es\/index.php\/wp-json\/wp\/v2\/pages\/1670\/revisions"}],"predecessor-version":[{"id":1684,"href":"https:\/\/wp.parroquiavalle.archimadrid.es\/index.php\/wp-json\/wp\/v2\/pages\/1670\/revisions\/1684"}],"wp:attachment":[{"href":"https:\/\/wp.parroquiavalle.archimadrid.es\/index.php\/wp-json\/wp\/v2\/media?parent=1670"}],"curies":[{"name":"wp","href":"https:\/\/api.w.org\/{rel}","templated":true}]}}